{"id":102,"date":"2026-04-03T20:43:57","date_gmt":"2026-04-03T18:43:57","guid":{"rendered":"https:\/\/www.notariusz-zabrze.net\/?page_id=102"},"modified":"2026-04-03T21:13:39","modified_gmt":"2026-04-03T19:13:39","slug":"kontakt","status":"publish","type":"page","link":"https:\/\/www.notariusz-zabrze.net\/index.php\/kontakt\/","title":{"rendered":"Kontakt"},"content":{"rendered":"\n<p><strong>Kancelaria Notarialna <\/strong><strong>Notariusz Agata Bednarczyk-Berendowicz<\/strong><br>ul. Sikorskiego 118, 41-809 Zabrze<br>tel.kom.: +48 661 429 411<br>tel. 32 728 03 12<br>e-mail: kancelaria@notariusz-zabrze.net<br>www.notariusz-zabrze.net<\/p>\n\n\n\n<p><strong>Kancelaria Notarialna czynna:<\/strong><br>Poniedzia\u0142ek: 12.00 \u2013 18.00<br>Wtorek: 9.00 \u2013 18.00<br>\u015aroda: 9.00 \u2013 16.00<br>Czwartek: 9.00 \u2013 16.00<br>Pi\u0105tek: 9.00 \u2013 18.00<\/p>\n\n\n\n<p>Istnieje mo\u017cliwo\u015b\u0107 spotkania z notariuszem poza godzinami urz\u0119dowania Kancelarii.<\/p>\n\n\n\n<p><strong>Zapewniamy naszym klientom du\u017cy i bezp\u0142atny parking dla samochod\u00f3w, bezpo\u015brednio przy wej\u015bciu do Kancelarii.<\/strong><\/p>\n\n\n\n<p><\/p>\n","protected":false},"excerpt":{"rendered":"<p>Kancelaria Notarialna Notariusz Agata Bednarczyk-Berendowiczul. Sikorskiego 118, 41-809 Zabrzetel.kom.: +48 661 429 411tel. 32 728 03 12e-mail: kancelaria@notariusz-zabrze.netwww.notariusz-zabrze.net Kancelaria Notarialna czynna:Poniedzia\u0142ek: 12.00 \u2013 18.00Wtorek: 9.00 \u2013 18.00\u015aroda: 9.00 \u2013 16.00Czwartek: 9.00 \u2013 16.00Pi\u0105tek: 9.00 \u2013 18.00 Istnieje mo\u017cliwo\u015b\u0107 spotkania z notariuszem poza godzinami urz\u0119dowania Kancelarii. Zapewniamy naszym klientom du\u017cy i bezp\u0142atny parking dla samochod\u00f3w, bezpo\u015brednio<a class=\"moretag\" href=\"https:\/\/www.notariusz-zabrze.net\/index.php\/kontakt\/\"><span class=\"screen-reader-text\">Wi\u0119cej oKontakt<\/span>[&#8230;]<\/a><\/p>\n","protected":false},"author":1,"featured_media":0,"parent":0,"menu_order":0,"comment_status":"closed","ping_status":"closed","template":"template-fullwidth.php","meta":{"footnotes":""},"class_list":["post-102","page","type-page","status-publish","hentry"],"aioseo_notices":[],"_links":{"self":[{"href":"https:\/\/www.notariusz-zabrze.net\/index.php\/wp-json\/wp\/v2\/pages\/102","targetHints":{"allow":["GET"]}}],"collection":[{"href":"https:\/\/www.notariusz-zabrze.net\/index.php\/wp-json\/wp\/v2\/pages"}],"about":[{"href":"https:\/\/www.notariusz-zabrze.net\/index.php\/wp-json\/wp\/v2\/types\/page"}],"author":[{"embeddable":true,"href":"https:\/\/www.notariusz-zabrze.net\/index.php\/wp-json\/wp\/v2\/users\/1"}],"replies":[{"embeddable":true,"href":"https:\/\/www.notariusz-zabrze.net\/index.php\/wp-json\/wp\/v2\/comments?post=102"}],"version-history":[{"count":2,"href":"https:\/\/www.notariusz-zabrze.net\/index.php\/wp-json\/wp\/v2\/pages\/102\/revisions"}],"predecessor-version":[{"id":105,"href":"https:\/\/www.notariusz-zabrze.net\/index.php\/wp-json\/wp\/v2\/pages\/102\/revisions\/105"}],"wp:attachment":[{"href":"https:\/\/www.notariusz-zabrze.net\/index.php\/wp-json\/wp\/v2\/media?parent=102"}],"curies":[{"name":"wp","href":"https:\/\/api.w.org\/{rel}","templated":true}]}}