{"id":40,"date":"2016-04-02T00:29:47","date_gmt":"2016-04-01T22:29:47","guid":{"rendered":"http:\/\/www.notariusz-zabrze.net\/?page_id=40"},"modified":"2016-08-29T23:01:33","modified_gmt":"2016-08-29T21:01:33","slug":"oplaty","status":"publish","type":"page","link":"https:\/\/www.notariusz-zabrze.net\/index.php\/oplaty\/","title":{"rendered":"Op\u0142aty"},"content":{"rendered":"<p style=\"text-align: justify;\"><strong>Zgodnie z Rozporz\u0105dzeniem Ministra Sprawiedliwo\u015bci z dnia 28.06.2004 r. w sprawie maksymalnych stawek taksy notarialnej, notariusz pobiera za wykonywane czynno\u015bci notarialne wynagrodzenie (zwane taks\u0105 notarialn\u0105) wraz z podatkiem VAT.<\/strong><\/p>\n<p style=\"text-align: justify;\">Opr\u00f3cz taksy notarialnej notariusz (jako p\u0142atnik) pobiera, w imieniu pa\u0144stwa polskiego, dodatkowe podatki i op\u0142aty, to jest przede wszystkim:<\/p>\n<ul style=\"text-align: justify;\">\n<li>podatek od czynno\u015bci cywilnoprawnych<\/li>\n<li>podatek od spadk\u00f3w i darowizn<\/li>\n<li>op\u0142at\u0119 s\u0105dow\u0105,<\/li>\n<\/ul>\n<p style=\"text-align: justify;\">kt\u00f3re przekazywane s\u0105 na rachunki odpowiednich instytucji.<\/p>\n<p style=\"text-align: justify;\">W celu ustalenia wysoko\u015bci op\u0142at za czynno\u015b\u0107 notarialn\u0105 prosimy o kontakt z Kancelari\u0105: osobi\u015bcie, telefonicznie lub za po\u015brednictwem poczty elektronicznej.<\/p>\n<p style=\"text-align: justify;\">Informacji, jak i wyja\u015bnie\u0144 w sprawie czynno\u015bci notarialnych udzielamy bezp\u0142atne.<\/p>\n","protected":false},"excerpt":{"rendered":"<p>Zgodnie z Rozporz\u0105dzeniem Ministra Sprawiedliwo\u015bci z dnia 28.06.2004 r. w sprawie maksymalnych stawek taksy notarialnej, notariusz pobiera za wykonywane czynno\u015bci notarialne wynagrodzenie (zwane taks\u0105 notarialn\u0105) wraz z podatkiem VAT. Opr\u00f3cz taksy notarialnej notariusz (jako p\u0142atnik) pobiera, w imieniu pa\u0144stwa polskiego, dodatkowe podatki i op\u0142aty, to jest przede wszystkim: podatek od czynno\u015bci cywilnoprawnych podatek od spadk\u00f3w<a class=\"moretag\" href=\"https:\/\/www.notariusz-zabrze.net\/index.php\/oplaty\/\"><span class=\"screen-reader-text\">Wi\u0119cej oOp\u0142aty<\/span>[&#8230;]<\/a><\/p>\n","protected":false},"author":1,"featured_media":0,"parent":0,"menu_order":0,"comment_status":"closed","ping_status":"closed","template":"template-fullwidth.php","meta":{"footnotes":""},"class_list":["post-40","page","type-page","status-publish","hentry"],"aioseo_notices":[],"_links":{"self":[{"href":"https:\/\/www.notariusz-zabrze.net\/index.php\/wp-json\/wp\/v2\/pages\/40","targetHints":{"allow":["GET"]}}],"collection":[{"href":"https:\/\/www.notariusz-zabrze.net\/index.php\/wp-json\/wp\/v2\/pages"}],"about":[{"href":"https:\/\/www.notariusz-zabrze.net\/index.php\/wp-json\/wp\/v2\/types\/page"}],"author":[{"embeddable":true,"href":"https:\/\/www.notariusz-zabrze.net\/index.php\/wp-json\/wp\/v2\/users\/1"}],"replies":[{"embeddable":true,"href":"https:\/\/www.notariusz-zabrze.net\/index.php\/wp-json\/wp\/v2\/comments?post=40"}],"version-history":[{"count":4,"href":"https:\/\/www.notariusz-zabrze.net\/index.php\/wp-json\/wp\/v2\/pages\/40\/revisions"}],"predecessor-version":[{"id":71,"href":"https:\/\/www.notariusz-zabrze.net\/index.php\/wp-json\/wp\/v2\/pages\/40\/revisions\/71"}],"wp:attachment":[{"href":"https:\/\/www.notariusz-zabrze.net\/index.php\/wp-json\/wp\/v2\/media?parent=40"}],"curies":[{"name":"wp","href":"https:\/\/api.w.org\/{rel}","templated":true}]}}